{"id":100,"date":"2019-05-10T14:29:44","date_gmt":"2019-05-10T14:29:44","guid":{"rendered":"http:\/\/cilaward.thedev.ca\/?page_id=100"},"modified":"2023-11-06T14:58:14","modified_gmt":"2023-11-06T14:58:14","slug":"home","status":"publish","type":"page","link":"https:\/\/cilaward.thedev.ca\/fr\/","title":{"rendered":"Home"},"content":{"rendered":"\n<p>Ensemble, L3Harris, CAE, CAE, Thales Canada, Babcock Canada et General Dynamics Mission Systems \u2013 Canada\u00a0 s\u2019efforcent d\u2019accro\u00eetre les possibilit\u00e9s d\u2019emploi, de perfectionnement et d\u2019avancement des femmes canadiennes dans les secteurs de la d\u00e9fense et de la s\u00e9curit\u00e9.<\/p>\n\n\n\n<figure class=\"\"><img width=\"1024\" height=\"129\" alt=\"\" class=\"img-fluid lazyload wp-image-275\" data-src=\"https:\/\/cilaward.thedev.ca\/wp-content\/uploads\/2023\/10\/logos-2-01-01-1024x129.jpg\" srcset=\"https:\/\/cilaward.thedev.ca\/wp-content\/uploads\/2023\/10\/logos-2-01-01-1024x129.jpg 1024w, https:\/\/cilaward.thedev.ca\/wp-content\/uploads\/2023\/10\/logos-2-01-01-300x38.jpg 300w, https:\/\/cilaward.thedev.ca\/wp-content\/uploads\/2023\/10\/logos-2-01-01-768x97.jpg 768w, https:\/\/cilaward.thedev.ca\/wp-content\/uploads\/2023\/10\/logos-2-01-01-1536x194.jpg 1536w, https:\/\/cilaward.thedev.ca\/wp-content\/uploads\/2023\/10\/logos-2-01-01-2048x259.jpg 2048w, https:\/\/cilaward.thedev.ca\/wp-content\/uploads\/2023\/10\/logos-2-01-01-1920x242.jpg 1920w\" sizes=\"(max-width: 1024px) 100vw, 1024px\" \/><\/figure>\n","protected":false},"excerpt":{"rendered":"<p>Ensemble, L3Harris, CAE, CAE, Thales Canada, Babcock Canada et General Dynamics Mission Systems \u2013 Canada\u00a0 s\u2019efforcent d\u2019accro\u00eetre les possibilit\u00e9s d\u2019emploi,&hellip;<\/p>\n","protected":false},"author":1,"featured_media":90,"parent":0,"menu_order":0,"comment_status":"closed","ping_status":"closed","template":"","meta":{"fp_send_to":"","_mi_skip_tracking":false,"_monsterinsights_sitenote_active":false,"_monsterinsights_sitenote_note":"","_monsterinsights_sitenote_category":0},"yoast_head":"<!-- This site is optimized with the Yoast SEO plugin v20.5 - https:\/\/yoast.com\/wordpress\/plugins\/seo\/ -->\n<title>Home - Canadian Industrial Leadership Award<\/title>\n<meta name=\"robots\" content=\"noindex, follow, max-snippet:-1, max-image-preview:large, max-video-preview:-1\" \/>\n<meta property=\"og:locale\" content=\"fr_FR\" \/>\n<meta property=\"og:type\" content=\"article\" \/>\n<meta property=\"og:title\" content=\"Home - Canadian Industrial Leadership Award\" \/>\n<meta property=\"og:description\" content=\"Ensemble, L3Harris, CAE, CAE, Thales Canada, Babcock Canada et General Dynamics Mission Systems \u2013 Canada\u00a0 s\u2019efforcent d\u2019accro\u00eetre les possibilit\u00e9s d\u2019emploi,&hellip;\" \/>\n<meta property=\"og:url\" content=\"https:\/\/cilaward.thedev.ca\/fr\/\" \/>\n<meta property=\"og:site_name\" content=\"Canadian Industrial Leadership Award\" \/>\n<meta property=\"article:modified_time\" content=\"2023-11-06T14:58:14+00:00\" \/>\n<meta property=\"og:image\" content=\"https:\/\/cilaward.thedev.ca\/wp-content\/uploads\/2019\/04\/356290be890fe9f0281001d0691c7cc4.jpg\" \/>\n\t<meta property=\"og:image:width\" content=\"1920\" \/>\n\t<meta property=\"og:image:height\" content=\"1494\" \/>\n\t<meta property=\"og:image:type\" content=\"image\/jpeg\" \/>\n<meta name=\"twitter:card\" content=\"summary_large_image\" \/>\n<meta name=\"twitter:label1\" content=\"Dur\u00e9e de lecture estim\u00e9e\" \/>\n\t<meta name=\"twitter:data1\" content=\"1 minute\" \/>\n<script type=\"application\/ld+json\" class=\"yoast-schema-graph\">{\"@context\":\"https:\/\/schema.org\",\"@graph\":[{\"@type\":\"WebPage\",\"@id\":\"https:\/\/cilaward.thedev.ca\/fr\/\",\"url\":\"https:\/\/cilaward.thedev.ca\/fr\/\",\"name\":\"Home - Canadian Industrial Leadership Award\",\"isPartOf\":{\"@id\":\"https:\/\/cilaward.thedev.ca\/#website\"},\"datePublished\":\"2019-05-10T14:29:44+00:00\",\"dateModified\":\"2023-11-06T14:58:14+00:00\",\"breadcrumb\":{\"@id\":\"https:\/\/cilaward.thedev.ca\/fr\/#breadcrumb\"},\"inLanguage\":\"fr-FR\",\"potentialAction\":[{\"@type\":\"ReadAction\",\"target\":[\"https:\/\/cilaward.thedev.ca\/fr\/\"]}]},{\"@type\":\"BreadcrumbList\",\"@id\":\"https:\/\/cilaward.thedev.ca\/fr\/#breadcrumb\",\"itemListElement\":[{\"@type\":\"ListItem\",\"position\":1,\"name\":\"Home\",\"item\":\"https:\/\/cilaward.thedev.ca\/fr\/\"},{\"@type\":\"ListItem\",\"position\":2,\"name\":\"Home\"}]},{\"@type\":\"WebSite\",\"@id\":\"https:\/\/cilaward.thedev.ca\/#website\",\"url\":\"https:\/\/cilaward.thedev.ca\/\",\"name\":\"Canadian Industrial Leadership Award\",\"description\":\"\",\"potentialAction\":[{\"@type\":\"SearchAction\",\"target\":{\"@type\":\"EntryPoint\",\"urlTemplate\":\"https:\/\/cilaward.thedev.ca\/?s={search_term_string}\"},\"query-input\":\"required name=search_term_string\"}],\"inLanguage\":\"fr-FR\"}]}<\/script>\n<!-- \/ Yoast SEO plugin. -->","yoast_head_json":{"title":"Home - Canadian Industrial Leadership Award","robots":{"index":"noindex","follow":"follow","max-snippet":"max-snippet:-1","max-image-preview":"max-image-preview:large","max-video-preview":"max-video-preview:-1"},"og_locale":"fr_FR","og_type":"article","og_title":"Home - Canadian Industrial Leadership Award","og_description":"Ensemble, L3Harris, CAE, CAE, Thales Canada, Babcock Canada et General Dynamics Mission Systems \u2013 Canada\u00a0 s\u2019efforcent d\u2019accro\u00eetre les possibilit\u00e9s d\u2019emploi,&hellip;","og_url":"https:\/\/cilaward.thedev.ca\/fr\/","og_site_name":"Canadian Industrial Leadership Award","article_modified_time":"2023-11-06T14:58:14+00:00","og_image":[{"width":1920,"height":1494,"url":"https:\/\/cilaward.thedev.ca\/wp-content\/uploads\/2019\/04\/356290be890fe9f0281001d0691c7cc4.jpg","type":"image\/jpeg"}],"twitter_card":"summary_large_image","twitter_misc":{"Dur\u00e9e de lecture estim\u00e9e":"1 minute"},"schema":{"@context":"https:\/\/schema.org","@graph":[{"@type":"WebPage","@id":"https:\/\/cilaward.thedev.ca\/fr\/","url":"https:\/\/cilaward.thedev.ca\/fr\/","name":"Home - Canadian Industrial Leadership Award","isPartOf":{"@id":"https:\/\/cilaward.thedev.ca\/#website"},"datePublished":"2019-05-10T14:29:44+00:00","dateModified":"2023-11-06T14:58:14+00:00","breadcrumb":{"@id":"https:\/\/cilaward.thedev.ca\/fr\/#breadcrumb"},"inLanguage":"fr-FR","potentialAction":[{"@type":"ReadAction","target":["https:\/\/cilaward.thedev.ca\/fr\/"]}]},{"@type":"BreadcrumbList","@id":"https:\/\/cilaward.thedev.ca\/fr\/#breadcrumb","itemListElement":[{"@type":"ListItem","position":1,"name":"Home","item":"https:\/\/cilaward.thedev.ca\/fr\/"},{"@type":"ListItem","position":2,"name":"Home"}]},{"@type":"WebSite","@id":"https:\/\/cilaward.thedev.ca\/#website","url":"https:\/\/cilaward.thedev.ca\/","name":"Canadian Industrial Leadership Award","description":"","potentialAction":[{"@type":"SearchAction","target":{"@type":"EntryPoint","urlTemplate":"https:\/\/cilaward.thedev.ca\/?s={search_term_string}"},"query-input":"required name=search_term_string"}],"inLanguage":"fr-FR"}]}},"_links":{"self":[{"href":"https:\/\/cilaward.thedev.ca\/fr\/wp-json\/wp\/v2\/pages\/100"}],"collection":[{"href":"https:\/\/cilaward.thedev.ca\/fr\/wp-json\/wp\/v2\/pages"}],"about":[{"href":"https:\/\/cilaward.thedev.ca\/fr\/wp-json\/wp\/v2\/types\/page"}],"author":[{"embeddable":true,"href":"https:\/\/cilaward.thedev.ca\/fr\/wp-json\/wp\/v2\/users\/1"}],"replies":[{"embeddable":true,"href":"https:\/\/cilaward.thedev.ca\/fr\/wp-json\/wp\/v2\/comments?post=100"}],"version-history":[{"count":9,"href":"https:\/\/cilaward.thedev.ca\/fr\/wp-json\/wp\/v2\/pages\/100\/revisions"}],"predecessor-version":[{"id":291,"href":"https:\/\/cilaward.thedev.ca\/fr\/wp-json\/wp\/v2\/pages\/100\/revisions\/291"}],"wp:featuredmedia":[{"embeddable":true,"href":"https:\/\/cilaward.thedev.ca\/fr\/wp-json\/wp\/v2\/media\/90"}],"wp:attachment":[{"href":"https:\/\/cilaward.thedev.ca\/fr\/wp-json\/wp\/v2\/media?parent=100"}],"curies":[{"name":"wp","href":"https:\/\/api.w.org\/{rel}","templated":true}]}}